{"id":26,"date":"2019-09-25T08:10:24","date_gmt":"2019-09-25T08:10:24","guid":{"rendered":"http:\/\/localhost\/restaurant_final\/?page_id=26"},"modified":"2020-06-01T09:08:54","modified_gmt":"2020-06-01T09:08:54","slug":"meist","status":"publish","type":"page","link":"https:\/\/voru.namaste-restoran.ee\/ru\/meist\/","title":{"rendered":"Meist"},"content":{"rendered":"<h2>\u00d0\u017e \u00d0\u00bd\u00d0\u00b0\u00d1\u0081<\/h2>\n<p>\u00d0\u201d\u00d0\u00be\u00d1\u20ac\u00d0\u00be\u00d0\u00b3\u00d0\u00be\u00d0\u00b9 \u00d0\u00ba\u00d0\u00bb\u00d0\u00b8\u00d0\u00b5\u00d0\u00bd\u00d1\u201a!<\/p>\n<p>\u00d0\u0153\u00d1\u2039 \u00d1\u20ac\u00d0\u00b0\u00d0\u00b4\u00d1\u2039 \u00d0\u00bf\u00d1\u20ac\u00d0\u00b8\u00d0\u00b2\u00d0\u00b5\u00d1\u201a\u00d1\u0081\u00d1\u201a\u00d0\u00b2\u00d0\u00be\u00d0\u00b2\u00d0\u00b0\u00d1\u201a\u00d1\u0152 \u00d0\u2019\u00d0\u00b0\u00d1\u0081 \u00d0\u00b2 \u00d0\u00bd\u00d0\u00b0\u00d1\u02c6\u00d0\u00b5\u00d0\u00bc \u00d1\u20ac\u00d0\u00b5\u00d1\u0081\u00d1\u201a\u00d0\u00be\u00d1\u20ac\u00d0\u00b0\u00d0\u00bd\u00d0\u00b5 \u00d0\u00b0\u00d0\u00b7\u00d0\u00b8\u00d0\u00b0\u00d1\u201a\u00d1\u0081\u00d0\u00ba\u00d0\u00be\u00d0\u00b9 \u00d0\u00ba\u00d1\u0192\u00d1\u2026\u00d0\u00bd\u00d0\u00b8 \u00c2\u00abNamaste\u00c2\u00bb. \u00d0\u017e\u00d0\u00bd \u00d1\u20ac\u00d0\u00b0\u00d1\u0081\u00d0\u00bf\u00d0\u00be\u00d0\u00bb\u00d0\u00b0\u00d0\u00b3\u00d0\u00b0\u00d0\u00b5\u00d1\u201a\u00d1\u0081\u00d1\u008f \u00d0\u00b2 \u00d0\u00b3\u00d0\u00be\u00d1\u20ac\u00d0\u00be\u00d0\u00b4\u00d0\u00b5 \u00d0\u2019\u00d1\u2039\u00d1\u20ac\u00d1\u0192, \u00d0\u00bf\u00d0\u00be \u00d0\u00b0\u00d0\u00b4\u00d1\u20ac\u00d0\u00b5\u00d1\u0081\u00d1\u0192 Kooli, 6, \u00d0\u00b3\u00d0\u00b4\u00d0\u00b5 \u00d0\u00bd\u00d0\u00b0\u00d1\u02c6\u00d0\u00b8 \u00d1\u02c6\u00d0\u00b5\u00d1\u201e-\u00d0\u00bf\u00d0\u00be\u00d0\u00b2\u00d0\u00b0\u00d1\u20ac\u00d0\u00b0 \u00d0\u00b8\u00d0\u00b7 \u00d0\u009d\u00d0\u00b5\u00d0\u00bf\u00d0\u00b0\u00d0\u00bb\u00d0\u00b0 \u00d0\u00bf\u00d1\u20ac\u00d0\u00b5\u00d0\u00b4\u00d0\u00bb\u00d0\u00be\u00d0\u00b6\u00d0\u00b0\u00d1\u201a \u00d0\u2019\u00d0\u00b0\u00d0\u00bc \u00d0\u00bf\u00d0\u00be\u00d0\u00bf\u00d1\u20ac\u00d0\u00be\u00d0\u00b1\u00d0\u00be\u00d0\u00b2\u00d0\u00b0\u00d1\u201a\u00d1\u0152 \u00d0\u00be\u00d1\u0081\u00d1\u201a\u00d1\u20ac\u00d1\u0192\u00d1\u017d \u00d0\u00b8 \u00d0\u00b2\u00d0\u00ba\u00d1\u0192\u00d1\u0081\u00d0\u00bd\u00d1\u0192\u00d1\u017d \u00d0\u00b5\u00d0\u00b4\u00d1\u0192.<\/p>\n<p>\u00d0\u2019 \u00d0\u00bd\u00d0\u00b0\u00d1\u02c6\u00d0\u00b5\u00d0\u00bc \u00d0\u00bc\u00d0\u00b5\u00d0\u00bd\u00d1\u017d \u00d0\u2019\u00d1\u2039 \u00d0\u00bc\u00d0\u00be\u00d0\u00b6\u00d0\u00b5\u00d1\u201a\u00d0\u00b5 \u00d0\u00bd\u00d0\u00b0\u00d0\u00b9\u00d1\u201a\u00d0\u00b8 \u00d0\u00ba\u00d1\u0192\u00d1\u2026\u00d0\u00bd\u00d1\u017d, \u00d0\u00bf\u00d0\u00be\u00d0\u00b4\u00d1\u2026\u00d0\u00be\u00d0\u00b4\u00d1\u008f\u00d1\u2030\u00d1\u0192\u00d1\u017d \u00d0\u00bb\u00d0\u00b8\u00d1\u2021\u00d0\u00bd\u00d0\u00be \u00d0\u2019\u00d0\u00b0\u00d0\u00bc \u00d0\u00bf\u00d0\u00be \u00d0\u00b2\u00d0\u00ba\u00d1\u0192\u00d1\u0081\u00d1\u0192: \u00d0\u00ba\u00d1\u0192\u00d1\u20ac\u00d0\u00b8\u00d1\u2020\u00d1\u0192, \u00d1\u008f\u00d0\u00b3\u00d0\u00bd\u00d1\u008f\u00d1\u201a\u00d0\u00b8\u00d0\u00bd\u00d1\u0192, \u00d0\u00b3\u00d0\u00be\u00d0\u00b2\u00d1\u008f\u00d0\u00b4\u00d0\u00b8\u00d0\u00bd\u00d1\u0192, \u00d1\u0192\u00d1\u201a\u00d0\u00ba\u00d1\u0192, \u00d1\u0081\u00d0\u00b2\u00d0\u00b8\u00d0\u00bd\u00d0\u00b8\u00d0\u00bd\u00d1\u0192 \u00d0\u00b8 \u00d1\u20ac\u00d0\u00b0\u00d0\u00b7\u00d0\u00bb\u00d0\u00b8\u00d1\u2021\u00d0\u00bd\u00d1\u2039\u00d0\u00b5 \u00d0\u00bc\u00d0\u00be\u00d1\u20ac\u00d0\u00b5\u00d0\u00bf\u00d1\u20ac\u00d0\u00be\u00d0\u00b4\u00d1\u0192\u00d0\u00ba\u00d1\u201a\u00d1\u2039 \u00d0\u00b8\u00d0\u00b7 \u00d0\u00ba\u00d0\u00b8\u00d1\u201a\u00d0\u00b0\u00d0\u00b9\u00d1\u0081\u00d0\u00ba\u00d0\u00be\u00d0\u00b9, \u00d0\u00b8\u00d0\u00bd\u00d0\u00b4\u00d0\u00b8\u00d0\u00b9\u00d1\u0081\u00d0\u00ba\u00d0\u00be\u00d0\u00b9, \u00d1\u201a\u00d0\u00b0\u00d0\u00b9\u00d1\u0081\u00d0\u00ba\u00d0\u00be\u00d0\u00b9 \u00d0\u00b8 \u00d0\u00bd\u00d0\u00b5\u00d0\u00bf\u00d0\u00b0\u00d0\u00bb\u00d1\u0152\u00d1\u0081\u00d0\u00ba\u00d0\u00be\u00d0\u00b9 \u00d0\u00ba\u00d1\u0192\u00d1\u2026\u00d0\u00be\u00d0\u00bd\u00d1\u0152. \u00d0\u0153\u00d1\u2039 \u00d1\u201a\u00d0\u00b0\u00d0\u00ba\u00d0\u00b6\u00d0\u00b5 \u00d0\u00bf\u00d1\u20ac\u00d0\u00b5\u00d0\u00b4\u00d0\u00bb\u00d0\u00b0\u00d0\u00b3\u00d0\u00b0\u00d0\u00b5\u00d0\u00bc \u00d0\u2019\u00d0\u00b0\u00d0\u00bc \u00d0\u00bf\u00d0\u00be\u00d0\u00bf\u00d1\u20ac\u00d0\u00be\u00d0\u00b1\u00d0\u00be\u00d0\u00b2\u00d0\u00b0\u00d1\u201a\u00d1\u0152 \u00d0\u00b2\u00d0\u00b5\u00d0\u00b3\u00d0\u00b5\u00d1\u201a\u00d0\u00b0\u00d1\u20ac\u00d0\u00b8\u00d0\u00b0\u00d0\u00bd\u00d1\u0081\u00d0\u00ba\u00d0\u00b8\u00d0\u00b5 \u00d0\u00b1\u00d0\u00bb\u00d1\u017d\u00d0\u00b4\u00d0\u00b0. \u00d0\u009d\u00d0\u00b0\u00d1\u02c6\u00d0\u00b8 \u00d0\u00b1\u00d0\u00bb\u00d1\u017d\u00d0\u00b4\u00d0\u00b0 \u00d0\u00bf\u00d0\u00be\u00d0\u00b4\u00d0\u00be\u00d0\u00b1\u00d1\u20ac\u00d0\u00b0\u00d0\u00bd\u00d1\u2039 \u00d0\u00b4\u00d0\u00bb\u00d1\u008f \u00d1\u201a\u00d0\u00be\u00d0\u00b3\u00d0\u00be, \u00d1\u2021\u00d1\u201a\u00d0\u00be\u00d0\u00b1\u00d1\u2039 \u00d0\u2019\u00d0\u00b0\u00d0\u00bc \u00d0\u00bf\u00d0\u00be\u00d0\u00bd\u00d1\u20ac\u00d0\u00b0\u00d0\u00b2\u00d0\u00b8\u00d0\u00bb\u00d0\u00be\u00d1\u0081\u00d1\u0152, \u00d0\u00be\u00d0\u00bd\u00d0\u00b8 \u00d0\u00b2\u00d1\u0081\u00d0\u00b5\u00d0\u00b3\u00d0\u00b4\u00d0\u00b0 \u00d1\u0081\u00d0\u00b4\u00d0\u00b5\u00d0\u00bb\u00d0\u00b0\u00d0\u00bd\u00d1\u2039 \u00d0\u00b8\u00d0\u00b7 \u00d1\u0081\u00d0\u00b2\u00d0\u00b5\u00d0\u00b6\u00d0\u00b8\u00d1\u2026 \u00d0\u00b8\u00d0\u00bd\u00d0\u00b3\u00d1\u20ac\u00d0\u00b5\u00d0\u00b4\u00d0\u00b8\u00d0\u00b5\u00d0\u00bd\u00d1\u201a\u00d0\u00be\u00d0\u00b2 \u00d0\u00b8 \u00d0\u00bb\u00d1\u0192\u00d1\u2021\u00d1\u02c6\u00d0\u00b8\u00d1\u2026 \u00d1\u0081\u00d0\u00bf\u00d0\u00b5\u00d1\u2020\u00d0\u00b8\u00d0\u00b9.<\/p>\n<p>\u00d0\u0153\u00d1\u2039 \u00d1\u0081\u00d1\u201a\u00d1\u20ac\u00d0\u00b5\u00d0\u00bc\u00d0\u00b8\u00d0\u00bc\u00d1\u0081\u00d1\u008f \u00d0\u00ba \u00d1\u201a\u00d0\u00be\u00d0\u00bc\u00d1\u0192, \u00d1\u2021\u00d1\u201a\u00d0\u00be\u00d0\u00b1\u00d1\u2039 \u00d0\u00bd\u00d0\u00b0\u00d1\u02c6\u00d0\u00b8 \u00d0\u00ba\u00d0\u00bb\u00d0\u00b8\u00d0\u00b5\u00d0\u00bd\u00d1\u201a\u00d1\u2039 \u00d0\u00be\u00d1\u0081\u00d1\u201a\u00d0\u00b0\u00d0\u00bb\u00d0\u00b8\u00d1\u0081\u00d1\u0152 \u00d0\u00b4\u00d0\u00be\u00d0\u00b2\u00d0\u00be\u00d0\u00bb\u00d1\u0152\u00d0\u00bd\u00d1\u2039 \u00d0\u00bf\u00d0\u00be\u00d1\u0081\u00d0\u00b5\u00d1\u2030\u00d0\u00b5\u00d0\u00bd\u00d0\u00b8\u00d0\u00b5\u00d0\u00bc \u00d0\u00bd\u00d0\u00b0\u00d1\u02c6\u00d0\u00b5\u00d0\u00b3\u00d0\u00be \u00d1\u20ac\u00d0\u00b5\u00d1\u0081\u00d1\u201a\u00d0\u00be\u00d1\u20ac\u00d0\u00b0\u00d0\u00bd\u00d0\u00b0 \u00d0\u00b8 \u00d0\u00bf\u00d1\u20ac\u00d0\u00b5\u00d0\u00b4\u00d0\u00bb\u00d0\u00b0\u00d0\u00b3\u00d0\u00b0\u00d0\u00b5\u00d0\u00bc\u00d1\u2039\u00d1\u2026 \u00d0\u00bd\u00d0\u00b0\u00d0\u00bc\u00d0\u00b8 \u00d0\u00b1\u00d0\u00bb\u00d1\u017d\u00d0\u00b4.<\/p>\n<p>\u00d0\u2013\u00d0\u00b4\u00d0\u00b5\u00d0\u00bc \u00d0\u2019\u00d0\u00b0\u00d1\u0081 \u00d0\u00b7\u00d0\u00b4\u00d0\u00b5\u00d1\u0081\u00d1\u0152, \u00d1\u2021\u00d1\u201a\u00d0\u00be\u00d0\u00b1\u00d1\u2039 \u00d1\u0081\u00d0\u00b4\u00d0\u00b5\u00d0\u00bb\u00d0\u00b0\u00d1\u201a\u00d1\u0152 \u00d0\u2019\u00d0\u00b0\u00d1\u02c6 \u00d0\u00b4\u00d0\u00b5\u00d0\u00bd\u00d1\u0152 \u00d0\u00bb\u00d1\u0192\u00d1\u2021\u00d1\u02c6\u00d0\u00b5!<\/p>\n<p>\u00d0\u00a3\u00d0\u00b2\u00d0\u00b8\u00d0\u00b4\u00d0\u00b8\u00d0\u00bc\u00d1\u0081\u00d1\u008f \u00d0\u00b2 \u00d1\u20ac\u00d0\u00b5\u00d1\u0081\u00d1\u201a\u00d0\u00be\u00d1\u20ac\u00d0\u00b0\u00d0\u00bd\u00d0\u00b5!<\/p>\n","protected":false},"excerpt":{"rendered":"<p>\u00d0\u017e \u00d0\u00bd\u00d0\u00b0\u00d1\u0081 \u00d0\u201d\u00d0\u00be\u00d1\u20ac\u00d0\u00be\u00d0\u00b3\u00d0\u00be\u00d0\u00b9 \u00d0\u00ba\u00d0\u00bb\u00d0\u00b8\u00d0\u00b5\u00d0\u00bd\u00d1\u201a! \u00d0\u0153\u00d1\u2039 \u00d1\u20ac\u00d0\u00b0\u00d0\u00b4\u00d1\u2039 \u00d0\u00bf\u00d1\u20ac\u00d0\u00b8\u00d0\u00b2\u00d0\u00b5\u00d1\u201a\u00d1\u0081\u00d1\u201a\u00d0\u00b2\u00d0\u00be\u00d0\u00b2\u00d0\u00b0\u00d1\u201a\u00d1\u0152 \u00d0\u2019\u00d0\u00b0\u00d1\u0081 \u00d0\u00b2 \u00d0\u00bd\u00d0\u00b0\u00d1\u02c6\u00d0\u00b5\u00d0\u00bc \u00d1\u20ac\u00d0\u00b5\u00d1\u0081\u00d1\u201a\u00d0\u00be\u00d1\u20ac\u00d0\u00b0\u00d0\u00bd\u00d0\u00b5 \u00d0\u00b0\u00d0\u00b7\u00d0\u00b8\u00d0\u00b0\u00d1\u201a\u00d1\u0081\u00d0\u00ba\u00d0\u00be\u00d0\u00b9 \u00d0\u00ba\u00d1\u0192\u00d1\u2026\u00d0\u00bd\u00d0\u00b8 \u00c2\u00abNamaste\u00c2\u00bb. \u00d0\u017e\u00d0\u00bd \u00d1\u20ac\u00d0\u00b0\u00d1\u0081\u00d0\u00bf\u00d0\u00be\u00d0\u00bb\u00d0\u00b0\u00d0\u00b3\u00d0\u00b0\u00d0\u00b5\u00d1\u201a\u00d1\u0081\u00d1\u008f \u00d0\u00b2 \u00d0\u00b3\u00d0\u00be\u00d1\u20ac\u00d0\u00be\u00d0\u00b4\u00d0\u00b5 \u00d0\u2019\u00d1\u2039\u00d1\u20ac\u00d1\u0192, \u00d0\u00bf\u00d0\u00be \u00d0\u00b0\u00d0\u00b4\u00d1\u20ac\u00d0\u00b5\u00d1\u0081\u00d1\u0192 Kooli, 6, \u00d0\u00b3\u00d0\u00b4\u00d0\u00b5 \u00d0\u00bd\u00d0\u00b0\u00d1\u02c6\u00d0\u00b8 &hellip; <\/p>\n","protected":false},"author":1,"featured_media":0,"parent":0,"menu_order":0,"comment_status":"closed","ping_status":"closed","template":"elementor_header_footer","meta":{"_eb_attr":"","footnotes":""},"translation":{"provider":"WPGlobus","version":"2.12.2","language":"ru","enabled_languages":["et","en","ru"],"languages":{"et":{"title":true,"content":true,"excerpt":false},"en":{"title":true,"content":true,"excerpt":false},"ru":{"title":false,"content":true,"excerpt":false}}},"_links":{"self":[{"href":"https:\/\/voru.namaste-restoran.ee\/ru\/wp-json\/wp\/v2\/pages\/26"}],"collection":[{"href":"https:\/\/voru.namaste-restoran.ee\/ru\/wp-json\/wp\/v2\/pages"}],"about":[{"href":"https:\/\/voru.namaste-restoran.ee\/ru\/wp-json\/wp\/v2\/types\/page"}],"author":[{"embeddable":true,"href":"https:\/\/voru.namaste-restoran.ee\/ru\/wp-json\/wp\/v2\/users\/1"}],"replies":[{"embeddable":true,"href":"https:\/\/voru.namaste-restoran.ee\/ru\/wp-json\/wp\/v2\/comments?post=26"}],"version-history":[{"count":121,"href":"https:\/\/voru.namaste-restoran.ee\/ru\/wp-json\/wp\/v2\/pages\/26\/revisions"}],"predecessor-version":[{"id":1965,"href":"https:\/\/voru.namaste-restoran.ee\/ru\/wp-json\/wp\/v2\/pages\/26\/revisions\/1965"}],"wp:attachment":[{"href":"https:\/\/voru.namaste-restoran.ee\/ru\/wp-json\/wp\/v2\/media?parent=26"}],"curies":[{"name":"wp","href":"https:\/\/api.w.org\/{rel}","templated":true}]}}