{"id":38,"date":"2019-09-25T08:11:33","date_gmt":"2019-09-25T08:11:33","guid":{"rendered":"http:\/\/localhost\/restaurant_final\/?page_id=38"},"modified":"2020-06-01T08:31:14","modified_gmt":"2020-06-01T08:31:14","slug":"teenused","status":"publish","type":"page","link":"https:\/\/voru.namaste-restoran.ee\/ru\/teenused\/","title":{"rendered":"Teenused"},"content":{"rendered":"<h2>Teenused<\/h2>\n<p>\u00d0\u2022\u00d1\u0081\u00d0\u00bb\u00d0\u00b8 \u00d0\u2019\u00d1\u2039 \u00d0\u00b6\u00d0\u00b5\u00d0\u00bb\u00d0\u00b0\u00d0\u00b5\u00d1\u201a\u00d0\u00b5 \u00d0\u00b7\u00d0\u00b0\u00d0\u00b1\u00d1\u20ac\u00d0\u00b0\u00d1\u201a\u00d1\u0152 \u00d0\u00b5\u00d0\u00b4\u00d1\u0192 \u00d1\u0081 \u00d1\u0081\u00d0\u00be\u00d0\u00b1\u00d0\u00be\u00d0\u00b9 \u00d0\u00b8\u00d0\u00b7 \u00d0\u00bd\u00d0\u00b0\u00d1\u02c6\u00d0\u00b5\u00d0\u00b3\u00d0\u00be \u00d1\u20ac\u00d0\u00b5\u00d1\u0081\u00d1\u201a\u00d0\u00be\u00d1\u20ac\u00d0\u00b0\u00d0\u00bd\u00d0\u00b0, \u00d0\u00bc\u00d0\u00be\u00d0\u00b6\u00d0\u00b5\u00d1\u201a\u00d0\u00b5 \u00d0\u00bf\u00d0\u00be\u00d0\u00b7\u00d0\u00b2\u00d0\u00be\u00d0\u00bd\u00d0\u00b8\u00d1\u201a\u00d1\u0152 \u00d0\u00bf\u00d0\u00be \u00d1\u201a\u00d0\u00b5\u00d0\u00bb\u00d0\u00b5\u00d1\u201e\u00d0\u00be\u00d0\u00bd\u00d1\u0192 <strong><u>+372 786 0066<\/u><\/strong><strong><u>\u00c2\u00a0<\/u><\/strong> \u00d0\u00b8 \u00d1\u0081\u00d0\u00b2\u00d1\u008f\u00d0\u00b7\u00d0\u00b0\u00d1\u201a\u00d1\u0152\u00d1\u0081\u00d1\u008f \u00d1\u0081 \u00d0\u00bd\u00d0\u00b0\u00d1\u02c6\u00d0\u00b8\u00d0\u00bc \u00d0\u00b0\u00d1\u0081\u00d1\u0081\u00d0\u00b8\u00d1\u0081\u00d1\u201a\u00d0\u00b5\u00d0\u00bd\u00d1\u201a\u00d0\u00be\u00d0\u00bc \u00d0\u00bf\u00d0\u00be \u00d0\u00be\u00d0\u00b1\u00d1\u0081\u00d0\u00bb\u00d1\u0192\u00d0\u00b6\u00d0\u00b8\u00d0\u00b2\u00d0\u00b0\u00d0\u00bd\u00d0\u00b8\u00d1\u017d \u00d0\u00ba\u00d0\u00bb\u00d0\u00b8\u00d0\u00b5\u00d0\u00bd\u00d1\u201a\u00d0\u00be\u00d0\u00b2, \u00d0\u00ba\u00d0\u00be\u00d1\u201a\u00d0\u00be\u00d1\u20ac\u00d1\u2039\u00d0\u00b9 \u00d0\u00bf\u00d1\u20ac\u00d0\u00b8\u00d0\u00bc\u00d0\u00b5\u00d1\u201a \u00d0\u2019\u00d0\u00b0\u00d1\u02c6 \u00d0\u00b7\u00d0\u00b0\u00d0\u00ba\u00d0\u00b0\u00d0\u00b7.<\/p>\n<p>\u00d0\u0178\u00d1\u20ac\u00d0\u00b8\u00d1\u2026\u00d0\u00be\u00d0\u00b4\u00d0\u00b8\u00d1\u201a\u00d0\u00b5 \u00d0\u00b8 \u00d0\u00bf\u00d0\u00be\u00d0\u00bf\u00d1\u20ac\u00d0\u00be\u00d0\u00b1\u00d1\u0192\u00d0\u00b9\u00d1\u201a\u00d0\u00b5 \u00d1\u0081\u00d0\u00b0\u00d0\u00bc\u00d0\u00b8! <\/p>\n","protected":false},"excerpt":{"rendered":"<p>Teenused \u00d0\u2022\u00d1\u0081\u00d0\u00bb\u00d0\u00b8 \u00d0\u2019\u00d1\u2039 \u00d0\u00b6\u00d0\u00b5\u00d0\u00bb\u00d0\u00b0\u00d0\u00b5\u00d1\u201a\u00d0\u00b5 \u00d0\u00b7\u00d0\u00b0\u00d0\u00b1\u00d1\u20ac\u00d0\u00b0\u00d1\u201a\u00d1\u0152 \u00d0\u00b5\u00d0\u00b4\u00d1\u0192 \u00d1\u0081 \u00d1\u0081\u00d0\u00be\u00d0\u00b1\u00d0\u00be\u00d0\u00b9 \u00d0\u00b8\u00d0\u00b7 \u00d0\u00bd\u00d0\u00b0\u00d1\u02c6\u00d0\u00b5\u00d0\u00b3\u00d0\u00be \u00d1\u20ac\u00d0\u00b5\u00d1\u0081\u00d1\u201a\u00d0\u00be\u00d1\u20ac\u00d0\u00b0\u00d0\u00bd\u00d0\u00b0, \u00d0\u00bc\u00d0\u00be\u00d0\u00b6\u00d0\u00b5\u00d1\u201a\u00d0\u00b5 \u00d0\u00bf\u00d0\u00be\u00d0\u00b7\u00d0\u00b2\u00d0\u00be\u00d0\u00bd\u00d0\u00b8\u00d1\u201a\u00d1\u0152 \u00d0\u00bf\u00d0\u00be \u00d1\u201a\u00d0\u00b5\u00d0\u00bb\u00d0\u00b5\u00d1\u201e\u00d0\u00be\u00d0\u00bd\u00d1\u0192 +372 786 0066\u00c2\u00a0 \u00d0\u00b8 \u00d1\u0081\u00d0\u00b2\u00d1\u008f\u00d0\u00b7\u00d0\u00b0\u00d1\u201a\u00d1\u0152\u00d1\u0081\u00d1\u008f \u00d1\u0081 \u00d0\u00bd\u00d0\u00b0\u00d1\u02c6\u00d0\u00b8\u00d0\u00bc \u00d0\u00b0\u00d1\u0081\u00d1\u0081\u00d0\u00b8\u00d1\u0081\u00d1\u201a\u00d0\u00b5\u00d0\u00bd\u00d1\u201a\u00d0\u00be\u00d0\u00bc \u00d0\u00bf\u00d0\u00be \u00d0\u00be\u00d0\u00b1\u00d1\u0081\u00d0\u00bb\u00d1\u0192\u00d0\u00b6\u00d0\u00b8\u00d0\u00b2\u00d0\u00b0\u00d0\u00bd\u00d0\u00b8\u00d1\u017d &hellip; <\/p>\n","protected":false},"author":1,"featured_media":0,"parent":0,"menu_order":0,"comment_status":"closed","ping_status":"closed","template":"elementor_header_footer","meta":{"_eb_attr":"","footnotes":""},"translation":{"provider":"WPGlobus","version":"2.12.2","language":"ru","enabled_languages":["et","en","ru"],"languages":{"et":{"title":true,"content":true,"excerpt":false},"en":{"title":true,"content":true,"excerpt":false},"ru":{"title":false,"content":true,"excerpt":false}}},"_links":{"self":[{"href":"https:\/\/voru.namaste-restoran.ee\/ru\/wp-json\/wp\/v2\/pages\/38"}],"collection":[{"href":"https:\/\/voru.namaste-restoran.ee\/ru\/wp-json\/wp\/v2\/pages"}],"about":[{"href":"https:\/\/voru.namaste-restoran.ee\/ru\/wp-json\/wp\/v2\/types\/page"}],"author":[{"embeddable":true,"href":"https:\/\/voru.namaste-restoran.ee\/ru\/wp-json\/wp\/v2\/users\/1"}],"replies":[{"embeddable":true,"href":"https:\/\/voru.namaste-restoran.ee\/ru\/wp-json\/wp\/v2\/comments?post=38"}],"version-history":[{"count":35,"href":"https:\/\/voru.namaste-restoran.ee\/ru\/wp-json\/wp\/v2\/pages\/38\/revisions"}],"predecessor-version":[{"id":1962,"href":"https:\/\/voru.namaste-restoran.ee\/ru\/wp-json\/wp\/v2\/pages\/38\/revisions\/1962"}],"wp:attachment":[{"href":"https:\/\/voru.namaste-restoran.ee\/ru\/wp-json\/wp\/v2\/media?parent=38"}],"curies":[{"name":"wp","href":"https:\/\/api.w.org\/{rel}","templated":true}]}}