{"id":41,"date":"2019-09-25T08:11:51","date_gmt":"2019-09-25T08:11:51","guid":{"rendered":"http:\/\/localhost\/restaurant_final\/?page_id=41"},"modified":"2021-03-10T20:34:15","modified_gmt":"2021-03-10T20:34:15","slug":"kontakt","status":"publish","type":"page","link":"https:\/\/voru.namaste-restoran.ee\/ru\/kontakt\/","title":{"rendered":"Kontakt"},"content":{"rendered":"<h2>\u00d0\u0161\u00d0\u00be\u00d0\u00bd\u00d1\u201a\u00d0\u00b0\u00d0\u00ba\u00d1\u201a\u00d1\u2039<\/h2>\n\n<div class=\"wpcf7 no-js\" id=\"wpcf7-f1969-o1\" lang=\"en-US\" dir=\"ltr\">\n<div class=\"screen-reader-response\"><p role=\"status\" aria-live=\"polite\" aria-atomic=\"true\"><\/p> <ul><\/ul><\/div>\n<form action=\"\/ru\/wp-json\/wp\/v2\/pages\/41#wpcf7-f1969-o1\" method=\"post\" class=\"wpcf7-form init\" aria-label=\"Contact form\" novalidate=\"novalidate\" data-status=\"init\">\n<div style=\"display: none;\">\n<input type=\"hidden\" name=\"_wpcf7\" value=\"1969\" \/>\n<input type=\"hidden\" name=\"_wpcf7_version\" value=\"5.8.2\" \/>\n<input type=\"hidden\" name=\"_wpcf7_locale\" value=\"en_US\" \/>\n<input type=\"hidden\" name=\"_wpcf7_unit_tag\" value=\"wpcf7-f1969-o1\" \/>\n<input type=\"hidden\" name=\"_wpcf7_container_post\" value=\"0\" \/>\n<input type=\"hidden\" name=\"_wpcf7_posted_data_hash\" value=\"\" \/>\n<\/div>\n<p><label> \u00d0\u2019\u00d0\u00b0\u00d1\u02c6\u00d0\u00b5 \u00d0\u00b8\u00d0\u00bc\u00d1\u008f (\u00d0\u00be\u00d0\u00b1\u00d1\u008f\u00d0\u00b7\u00d0\u00b0\u00d1\u201a\u00d0\u00b5\u00d0\u00bb\u00d1\u0152\u00d0\u00bd\u00d0\u00be)<br \/>\n<span class=\"wpcf7-form-control-wrap\" data-name=\"your-name\"><input size=\"40\" class=\"wpcf7-form-control wpcf7-text wpcf7-validates-as-required\" aria-required=\"true\" aria-invalid=\"false\" value=\"\" type=\"text\" name=\"your-name\" \/><\/span> <\/label>\n<\/p>\n<p><label> \u00d0\u2019\u00d0\u00b0\u00d1\u02c6 \u00d1\u008d-\u00d0\u00bc\u00d0\u00b5\u00d0\u00b9\u00d0\u00bb (\u00d0\u00be\u00d0\u00b1\u00d1\u008f\u00d0\u00b7\u00d0\u00b0\u00d1\u201a\u00d0\u00b5\u00d0\u00bb\u00d1\u0152\u00d0\u00bd\u00d0\u00be)<br \/>\n<span class=\"wpcf7-form-control-wrap\" data-name=\"your-email\"><input size=\"40\" class=\"wpcf7-form-control wpcf7-email wpcf7-validates-as-required wpcf7-text wpcf7-validates-as-email\" aria-required=\"true\" aria-invalid=\"false\" value=\"\" type=\"email\" name=\"your-email\" \/><\/span> <\/label>\n<\/p>\n<p><label> \u00d0\u00a2\u00d0\u00b5\u00d0\u00bc\u00d0\u00b0<br \/>\n<span class=\"wpcf7-form-control-wrap\" data-name=\"your-subject\"><input size=\"40\" class=\"wpcf7-form-control wpcf7-text\" aria-invalid=\"false\" value=\"\" type=\"text\" name=\"your-subject\" \/><\/span> <\/label>\n<\/p>\n<p><label> \u00d0\u2019\u00d0\u00b0\u00d1\u02c6\u00d0\u00b5 \u00d1\u0081\u00d0\u00be\u00d0\u00be\u00d0\u00b1\u00d1\u2030\u00d0\u00b5\u00d0\u00bd\u00d0\u00b8\u00d0\u00b5<br \/>\n<span class=\"wpcf7-form-control-wrap\" data-name=\"your-message\"><textarea cols=\"40\" rows=\"10\" class=\"wpcf7-form-control wpcf7-textarea\" aria-invalid=\"false\" name=\"your-message\"><\/textarea><\/span> <\/label>\n<\/p>\n<p><input class=\"wpcf7-form-control wpcf7-submit has-spinner\" type=\"submit\" value=\"Send\" \/>\n<\/p><div class=\"wpcf7-response-output\" aria-hidden=\"true\"><\/div>\n<\/form>\n<\/div>\n\n<p><strong>\u00d0\u0178\u00d0\u00be\u00d1\u0081\u00d0\u00b5\u00d1\u201a\u00d0\u00b8\u00d1\u201a\u00d0\u00b5 \u00d0\u00bd\u00d0\u00b0\u00d1\u0081<\/strong><\/p>\n<p>\u00d0\u0090\u00d0\u00b4\u00d1\u20ac\u00d0\u00b5\u00d1\u0081: \u00d1\u0192\u00d0\u00bb\u00d0\u00b8\u00d1\u2020\u00d0\u00b0 Kooli 6, \u00d0\u2019\u00d1\u2039\u00d1\u20ac\u00d1\u0192, 65606 (KAGUKESKUS)<br \/>\n\u00d0\u009d\u00d0\u00be\u00d0\u00bc\u00d0\u00b5\u00d1\u20ac \u00d1\u201a\u00d0\u00b5\u00d0\u00bb\u00d0\u00b5\u00d1\u201e\u00d0\u00be\u00d0\u00bd\u00d0\u00b0: +372 786 0066<br \/>\n\u00d0\u00ad-\u00d0\u00bc\u00d0\u00b5\u00d0\u00b9\u00d0\u00bb: <a href=\"mailto:namasterestoran@outlook.com\">namasterestoran@outlook.com<\/a><\/p>\n<p>Facebook:\u00c2\u00a0<a href=\"https:\/\/www.facebook.com\/Namaste-Aasia-Restoran-517869441944396\/\">https:\/\/www.facebook.com\/Namaste-Aasia-Restoran-517869441944396\/<\/a><\/p>\n<p><strong>\u00d0\u0153\u00d1\u2039 \u00d0\u00be\u00d1\u201a\u00d0\u00ba\u00d1\u20ac\u00d1\u2039\u00d1\u201a\u00d1\u2039<\/strong><\/p>\n<p><strong>\u00d0\u0178\u00d0\u00bd \u00e2\u20ac\u201c \u00d0\u2019\u00d1\u0081 11.00 \u00e2\u20ac\u201c 21.00<\/strong><\/p>\n<p>\u00d0\u2022\u00d1\u0081\u00d0\u00bb\u00d0\u00b8 \u00d0\u2019\u00d1\u2039 \u00d0\u00b6\u00d0\u00b5\u00d0\u00bb\u00d0\u00b0\u00d0\u00b5\u00d1\u201a\u00d0\u00b5 \u00d0\u00be\u00d1\u0081\u00d1\u201a\u00d0\u00b0\u00d0\u00b2\u00d0\u00b8\u00d1\u201a\u00d1\u0152 \u00d0\u00be\u00d1\u201a\u00d0\u00b7\u00d1\u2039\u00d0\u00b2, \u00d0\u00ba\u00d0\u00b0\u00d0\u00ba\u00d0\u00b8\u00d0\u00b5-\u00d0\u00bb\u00d0\u00b8\u00d0\u00b1\u00d0\u00be \u00d0\u00b4\u00d0\u00be\u00d0\u00bf\u00d0\u00be\u00d0\u00bb\u00d0\u00bd\u00d0\u00b8\u00d1\u201a\u00d0\u00b5\u00d0\u00bb\u00d1\u0152\u00d0\u00bd\u00d1\u2039\u00d0\u00b5 \u00d0\u00b2\u00d0\u00be\u00d0\u00bf\u00d1\u20ac\u00d0\u00be\u00d1\u0081\u00d1\u2039 \u00d0\u00b8\u00d0\u00bb\u00d0\u00b8 \u00d0\u00b8\u00d0\u00b4\u00d0\u00b5\u00d0\u00b8 \u00d0\u00ba\u00d0\u00b0\u00d1\u0081\u00d0\u00b0\u00d1\u201a\u00d0\u00b5\u00d0\u00bb\u00d1\u0152\u00d0\u00bd\u00d0\u00be \u00d1\u0192\u00d0\u00bb\u00d1\u0192\u00d1\u2021\u00d1\u02c6\u00d0\u00b5\u00d0\u00bd\u00d0\u00b8\u00d1\u008f \u00d0\u00bd\u00d0\u00b0\u00d1\u02c6\u00d0\u00b5\u00d0\u00b3\u00d0\u00be \u00d1\u0081\u00d0\u00b5\u00d1\u20ac\u00d0\u00b2\u00d0\u00b8\u00d1\u0081\u00d0\u00b0, \u00d1\u201a\u00d0\u00b4 \u00e2\u20ac\u201c \u00d0\u00bc\u00d1\u2039 \u00d0\u00bf\u00d1\u20ac\u00d0\u00b8\u00d0\u00bc\u00d0\u00b5\u00d0\u00bc \u00d0\u00b2\u00d0\u00be \u00d0\u00b2\u00d0\u00bd\u00d0\u00b8\u00d0\u00bc\u00d0\u00b0\u00d0\u00bd\u00d0\u00b8\u00d0\u00b5 \u00d0\u00b2\u00d1\u0081\u00d1\u2018 \u00d0\u00b8 \u00d0\u00be\u00d1\u201a\u00d0\u00b2\u00d0\u00b5\u00d1\u201a\u00d0\u00b8\u00d0\u00bc \u00d0\u00ba\u00d0\u00b0\u00d0\u00ba \u00d0\u00bc\u00d0\u00be\u00d0\u00b6\u00d0\u00bd\u00d0\u00be \u00d1\u0081\u00d0\u00ba\u00d0\u00be\u00d1\u20ac\u00d0\u00b5\u00d0\u00b5. \u00d0\u203a\u00d1\u017d\u00d0\u00b1\u00d0\u00be\u00d0\u00b9 \u00d0\u00be\u00d1\u201a\u00d0\u00b7\u00d1\u2039\u00d0\u00b2 \u00d0\u00be\u00d1\u2021\u00d0\u00b5\u00d0\u00bd\u00d1\u0152 \u00d0\u00b2\u00d0\u00b0\u00d0\u00b6\u00d0\u00b5\u00d0\u00bd \u00d0\u00b4\u00d0\u00bb\u00d1\u008f \u00d0\u00bd\u00d0\u00b0\u00d1\u0081.<\/p>\n<p>\u00d0\u00a1\u00d0\u00bf\u00d0\u00b0\u00d1\u0081\u00d0\u00b8\u00d0\u00b1\u00d0\u00be. \u00d0\u201d\u00d0\u00be \u00d0\u00b2\u00d1\u0081\u00d1\u201a\u00d1\u20ac\u00d0\u00b5\u00d1\u2021\u00d0\u00b8 \u00d0\u00b2 \u00d1\u20ac\u00d0\u00b5\u00d1\u0081\u00d1\u201a\u00d0\u00be\u00d1\u20ac\u00d0\u00b0\u00d0\u00bd\u00d0\u00b5!<\/p>\n","protected":false},"excerpt":{"rendered":"<p>\u00d0\u0161\u00d0\u00be\u00d0\u00bd\u00d1\u201a\u00d0\u00b0\u00d0\u00ba\u00d1\u201a\u00d1\u2039 \u00d0\u0178\u00d0\u00be\u00d1\u0081\u00d0\u00b5\u00d1\u201a\u00d0\u00b8\u00d1\u201a\u00d0\u00b5 \u00d0\u00bd\u00d0\u00b0\u00d1\u0081 \u00d0\u0090\u00d0\u00b4\u00d1\u20ac\u00d0\u00b5\u00d1\u0081: \u00d1\u0192\u00d0\u00bb\u00d0\u00b8\u00d1\u2020\u00d0\u00b0 Kooli 6, \u00d0\u2019\u00d1\u2039\u00d1\u20ac\u00d1\u0192, 65606 (KAGUKESKUS) \u00d0\u009d\u00d0\u00be\u00d0\u00bc\u00d0\u00b5\u00d1\u20ac \u00d1\u201a\u00d0\u00b5\u00d0\u00bb\u00d0\u00b5\u00d1\u201e\u00d0\u00be\u00d0\u00bd\u00d0\u00b0: +372 786 0066 \u00d0\u00ad-\u00d0\u00bc\u00d0\u00b5\u00d0\u00b9\u00d0\u00bb: namasterestoran@outlook.com Facebook:\u00c2\u00a0https:\/\/www.facebook.com\/Namaste-Aasia-Restoran-517869441944396\/ \u00d0\u0153\u00d1\u2039 \u00d0\u00be\u00d1\u201a\u00d0\u00ba\u00d1\u20ac\u00d1\u2039\u00d1\u201a\u00d1\u2039 \u00d0\u0178\u00d0\u00bd \u00e2\u20ac\u201c \u00d0\u2019\u00d1\u0081 11.00 \u00e2\u20ac\u201c &hellip; <\/p>\n","protected":false},"author":1,"featured_media":0,"parent":0,"menu_order":0,"comment_status":"closed","ping_status":"closed","template":"elementor_header_footer","meta":{"_eb_attr":"","footnotes":""},"translation":{"provider":"WPGlobus","version":"2.12.2","language":"ru","enabled_languages":["et","en","ru"],"languages":{"et":{"title":true,"content":true,"excerpt":false},"en":{"title":true,"content":true,"excerpt":false},"ru":{"title":false,"content":true,"excerpt":false}}},"_links":{"self":[{"href":"https:\/\/voru.namaste-restoran.ee\/ru\/wp-json\/wp\/v2\/pages\/41"}],"collection":[{"href":"https:\/\/voru.namaste-restoran.ee\/ru\/wp-json\/wp\/v2\/pages"}],"about":[{"href":"https:\/\/voru.namaste-restoran.ee\/ru\/wp-json\/wp\/v2\/types\/page"}],"author":[{"embeddable":true,"href":"https:\/\/voru.namaste-restoran.ee\/ru\/wp-json\/wp\/v2\/users\/1"}],"replies":[{"embeddable":true,"href":"https:\/\/voru.namaste-restoran.ee\/ru\/wp-json\/wp\/v2\/comments?post=41"}],"version-history":[{"count":81,"href":"https:\/\/voru.namaste-restoran.ee\/ru\/wp-json\/wp\/v2\/pages\/41\/revisions"}],"predecessor-version":[{"id":2589,"href":"https:\/\/voru.namaste-restoran.ee\/ru\/wp-json\/wp\/v2\/pages\/41\/revisions\/2589"}],"wp:attachment":[{"href":"https:\/\/voru.namaste-restoran.ee\/ru\/wp-json\/wp\/v2\/media?parent=41"}],"curies":[{"name":"wp","href":"https:\/\/api.w.org\/{rel}","templated":true}]}}